{"id":76,"date":"2020-08-26T09:43:13","date_gmt":"2020-08-26T09:43:13","guid":{"rendered":"https:\/\/www.reusceltumor-cumcura.be\/?page_id=76"},"modified":"2023-12-29T13:24:49","modified_gmt":"2023-12-29T13:24:49","slug":"overzicht","status":"publish","type":"page","link":"https:\/\/www.reusceltumor-cumcura.be\/fr\/overzicht\/","title":{"rendered":"Aper\u00e7u des informations sur le patient"},"content":{"rendered":"<p>[et_pb_section fb_built=\"1\u2033 custom_padding_last_edited=\"on|desktop\" admin_label=\"Header\" _builder_version=\"4.16\u2033 use_background_color_gradient=\"on\" background_color_gradient_type=\"circular\" background_color_gradient_direction_radial=\"top left\" background_color_gradient_stops=\"#e29c8d 0%|rgba(224,141,69,0.64) 50%\" background_color_gradient_overlays_image=\"on\" background_color_gradient_start=\"#e29c8d\" background_color_gradient_end=\"rgba(224,141,69,0.64)\" background_color_gradient_end_position=\"50%\" background_image=\"https:\/\/www.reusceltumor-cumcura.be\/wp-content\/uploads\/2020\/08\/REUSCEL_BOLLEN_CMYK-e1598434675594.png\" custom_padding=\"10vh|0|12vh||false|false\" custom_padding_tablet=\"6vh||6vh||false\" custom_padding_phone=\"5vh||5vh|||false\" filter_opacity=\"90%\" top_divider_style=\"wave2\u2033 top_divider_colour=\"rgba(12,113,195,0.11)\" top_divider_height=\"460px\" top_divider_flip=\"horizontal\" bottom_divider_style=\"curve\" bottom_divider_color=\"#ffffff\" bottom_divider_height=\"3vw\" bottom_divider_flip=\"vertical\" global_colors_info=\"{}\"][et_pb_row column_structure=\"1_2,1_4,1_4\u2033 _builder_version=\"4.16\u2033 min_height=\"278px\" custom_margin=\"5px||5px||true|false\" global_colors_info=\"{}\"][et_pb_column type=\"1_2\u2033 _builder_version=\"4.16\u2033 custom_padding=\"||\" global_colors_info=\"{}\" custom_padding__hover=\"|||\"][et_pb_text _builder_version=\"4.16\u2033 text_font=\"Montserrat||||||||\" ul_font=\"||||||||\" ol_font=\"||||||||\" header_font=\"|700|||||||\" header_text_align=\"centre\" header_text_colour=\"#3333\u2033 header_font_size=\"74px\" header_letter_spacing=\"3px\" header_line_height=\"1.2em\" header_2_font=\"Vollkorn||||||||\" header_2_font_size=\"44px\" header_2_letter_spacing=\"1px\" header_2_line_height=\"1.4em\" header_3_font=\"||||||||\" header_4_font=\"||||||||\" header_5_font=\"||||||||\" header_6_font=\"||||||||\" background_layout=\"dark\" max_width=\"800px\" custom_margin=\"60px||60px||true|false\" animation_direction=\"left\" header_font_size_tablet=\"46px\" header_font_size_phone=\"40px\" header_font_size_last_edited=\"on|desktop\" header_2_font_size_tablet=\"35px\" header_2_font_size_phone=\"30px\" header_2_font_size_last_edited=\"on|desktop\" global_colors_info=\"{}\"]<\/p>\n<h1>Informations<\/h1>\n<p>[\/et_pb_text][\/et_pb_column][et_pb_column type=\"1_4\u2033 _builder_version=\"4.16\u2033 custom_padding=\"|||\" global_colors_info=\"{}\" custom_padding__hover=\"|||\"][et_pb_button button_url=\"\/general\" button_text=\"G\u00e9n\u00e9ral\" button_alignment=\"left\" _builder_version=\"4.16\u2033 custom_button=\"on\" button_text_size=\"22px\" button_text_colour=\"#5656\u2033 button_bg_colour=\"rgba(255,255,255,0.7)\" button_border_width=\"2px\" button_border_colour=\"rgba(0,0,0,0)\" button_border_radius=\"15px\" button_font=\"||||||||\" button_icon=\"t||divi||400\u2033 button_icon_colour=\"#565656\u2033 button_icon_placement=\"left\" button_on_hover=\"off\" custom_padding=\"8px||8px|50px|true|false\" custom_css_main_element=\"width :100%\u201d global_colors_info=\u201d{}\u201d button_bg_color__hover_enabled=\"on|desktop\" button_bg_color__hover=\"#ffffffff\" button_border_width__hover_enabled=\"on|desktop\" button_border_width__hover=\"2px\"][\/et_pb_button][et_pb_button button_url=\"\/diagnosis\" button_text=\"Diagnostic\" button_alignment=\"left\" _builder_version=\"4.16\u2033 custom_button=\"on\" button_text_size=\"22px\" button_text_colour=\"#565656\u2033 button_bg_colour=\"rgba(255,255,255,0.7)\" button_border_width=\"2px\" button_border_colour=\"rgba(0,0,0,0)\" button_border_radius=\"15px\" button_font=\"||||||||\" button_icon=\"\ue101||divi||400\u2033 button_icon_colour=\"#565656\u2033 button_icon_placement=\"left\" button_on_hover=\"off\" custom_padding=\"8px|8px|50px|true|false\" custom_css_main_element=\"width :100%\u201d global_colors_info=\u201d{}\u201d button_bg_color__hover_enabled=\"on\" button_bg_color__hover=\"#ffff\" button_border_width__hover_enabled=\"on\" button_border_width__hover=\"2px\"][\/et_pb_button][et_pb_button button_url=\"\/treatment\" button_text=\"Treatment\" button_alignment=\"left\" _builder_version=\"4.16\u2033 custom_button=\"on\" button_text_size=\"22px\" button_text_colour=\"#565656\u2033 button_bg_colour=\"rgba(255,255,255,0.7)\" button_border_width=\"2px\" button_border_colour=\"rgba(0,0,0,0)\" button_border_radius=\"15px\" button_font=\"||||||||\" button_icon=\"\ue030||divi||400\u2033 button_icon_colour=\"#565656\u2033 button_icon_placement=\"left\" button_on_hover=\"off\" custom_padding=\"8px|8px|50px|true|false\" custom_css_main_element=\"width :100%\u201d global_colors_info=\u201d{}\u201d button_bg_color__hover_enabled=\"on\" button_bg_color__hover=\"#ffff\" button_border_width__hover_enabled=\"on|desktop\" button_border_width__hover=\"2px\"][\/et_pb_button][\/et_pb_column][et_pb_column type=\"1_4\u2033 _builder_version=\"4.16\u2033 custom_padding=\"|||\" global_colors_info=\"{}\" custom_padding__hover=\"|||\"][et_pb_button button_url=\"\/support\" button_text=\"Support\" button_alignment=\"left\" _builder_version=\"4.16\u2033 custom_button=\"on\" button_text_size=\"22px\" button_text_colour=\"#5656\u2033 button_bg_colour=\"rgba(255,255,255,0.7)\" button_border_width=\"2px\" button_border_colour=\"rgba(0,0,0,0)\" button_border_radius=\"15px\" button_font=\"||||||||\" button_icon=\"\ue0ed||divi||400\u2033 button_icon_colour=\"#565656\u2033 button_icon_placement=\"left\" button_on_hover=\"off\" custom_padding=\"8px|8px|50px|true|false\" custom_css_main_element=\"width :100%\u201d global_colors_info=\u201d{}\u201d button_bg_color__hover_enabled=\"on\" button_bg_color__hover=\"#ffffff\" button_border_width__hover_enabled=\"on\" button_border_width__hover=\"2px\"][\/et_pb_button][et_pb_button button_url=\"https:\/\/cumcura.be\/testimony\" button_text=\"Histoires\" button_alignment=\"left\" _builder_version=\"4.21.2\u2033 custom_button=\"on\" button_text_size=\"22px\" button_text_colour=\"#565656\u2033 button_bg_colour=\"rgba(255,255,255,0.7)\" button_border_width=\"2px\" button_border_colour=\"rgba(0,0,0,0)\" button_border_radius=\"15px\" button_font=\"||||||||\" button_icon=\"w||divi||400\u2033 button_icon_colour=\"#565656\u2033 button_icon_placement=\"left\" button_on_hover=\"off\" custom_padding=\"8px||8px|50px|true|false\" hover_enabled=\"0\u2033 custom_css_main_element=\"width :100%\u201d global_colors_info=\u201d{}\u201d button_bg_color__hover_enabled=\"on|desktop\" button_bg_color__hover=\"#ffffffff\" button_border_width__hover_enabled=\"on\" button_border_width__hover=\"2px\" sticky_enabled=\"0\u2033][\/et_pb_button][\/et_pb_column][\/et_pb_row][et_pb_row column_structure=\"1_4,1_4,1_2\u2033 use_custom_gutter=\"on\" gutter_width=\"2\u2033 _builder_version=\"4.16\u2033 custom_padding=\"0|0px|0|0px|false|false\" animation_style=\"slide\" animation_direction=\"left\" animation_delay=\"400ms\" animation_intensity_slide=\"2%\" use_custom_width=\"on\" global_colours_info=\"{}\"][et_pb_column type=\"1_4\u2033 _builder_version=\"4.16\u2033 custom_padding=\"|||\" global_colors_info=\"{}\" custom_padding__hover=\"|||\"][\/et_pb_column][et_pb_column type=\"1_4\u2033 _builder_version=\"4.16\u2033 custom_padding=\"||\" global_colors_info=\"{}\" custom_padding__hover=\"|||\"][\/et_pb_column][et_pb_column type=\"1_2\u2033 _builder_version=\"4.16\u2033 custom_padding=\"||\" global_colors_info=\"{}\" custom_padding__hover=\"|||\"][et_pb_divider color=\"rgba(255,255,255,0.2)\" divider_position=\"bottom\" divider_weight=\"2px\" _builder_version=\"4.16\u2033 global_colours_info=\"{}\"][\/et_pb_divider][\/et_pb_column][\/et_pb_row][\/et_pb_section][et_pb_section fb_built=\"1\u2033 admin_label=\"Services\" _builder_version=\"4.16\u2033 custom_padding=\"55px|0px|54px|0px|false|false\" global_colors_info=\"{}\"][et_pb_row column_structure=\"1_5,3_5,1_5\u2033 _builder_version=\"4.16\u2033 custom_padding=\"27px|0px|0|0px|false|false\" global_colors_info=\"{}\"][et_pb_column type=\"1_5\u2033 _builder_version=\"4.16\u2033 custom_padding=\"|||\" global_colors_info=\"{}\" custom_padding__hover=\"|||\"][et_pb_divider color=\"rgba(0,0,0,0,0.08)\" divider_position=\"bottom\" divider_weight=\"2px\" _builder_version=\"4.16\u2033 animation_style=\"slide\" animation_direction=\"right\" locked=\"off\" global_colors_info=\"{}\"][\/et_pb_divider][\/et_pb_column][et_pb_column type=\"3_5\u2033 _builder_version=\"4.16\u2033 custom_padding=\"||\" global_colors_info=\"{}\" custom_padding__hover=\"|||\"][et_pb_text _builder_version=\"4.16\u2033 text_font=\"Montserrat||||||||\" text_font_size=\"16px\" header_font=\"||||||||\" header_2_font=\"|600|||||||\" header_2_font_size=\"35px\" header_2_line_height=\"1.4em\" text_orientation=\"centre\" max_width=\"600px\" module_alignment=\"centre\" header_2_font_size_tablet=\"30px\" header_2_font_size_phone=\"25px\" header_2_font_size_last_edited=\"on|desktop\" global_colors_info=\"{}\"]<\/p>\n<h2>Trouvez toutes les informations que vous recherchez<\/h2>\n<p>Cliquez sur l'un des liens ci-dessous ou ci-dessus pour en savoir plus sur le sujet.<\/p>\n<p>[\/et_pb_text][\/et_pb_column][et_pb_column type=\"1_5\u2033 _builder_version=\"4.16\u2033 custom_padding=\"|||\" global_colors_info=\"{}\" custom_padding__hover=\"|||\"][et_pb_divider color=\"rgba(0,0,0,0,0.08)\" divider_position=\"bottom\" divider_weight=\"2px\" disabled_on=\"on|on|off\" _builder_version=\"4.16\u2033 custom_margin_tablet=\"||25px\" custom_margin_phone=\"\" custom_margin_last_edited=\"on|tablet\" animation_style=\"slide\" animation_direction=\"left\" locked=\"off\" global_colors_info=\"{}\"][\/et_pb_divider][\/et_pb_column][\/et_pb_row][et_pb_row column_structure=\"1_5,1_5,1_5,1_5,1_5\u2033 use_custom_gutter=\"on\" gutter_width=\"2\u2033 _builder_version=\"4.16\u2033 max_width=\"1400px\" custom_margin_tablet=\"15px||\" custom_margin_phone=\"\" custom_margin_last_edited=\"on|desktop\" custom_padding=\"0|0px|27px|0px|false|false\" use_custom_width=\"on\" custom_width_px=\"1400px\" global_colors_info=\"{}\"][et_pb_column type=\"1_5\u2033 _builder_version=\"4.16\u2033 custom_padding=\"||\" custom_padding_tablet=\"10px||\" custom_padding_phone=\"\" custom_padding_last_edited=\"on|desktop\" global_colors_info=\"{}\" custom_padding__hover=\"|||\"][et_pb_blurb title=\"G\u00e9n\u00e9ral\" use_icon=\"on\" font_icon=\"t||divi||400\u2033 icon_colour=\"#e29c8d\" image_icon_width=\"84px\" _builder_version=\"4.16\u2033 header_font=\"|700|||||||\" header_font_size=\"20px\" header_line_height=\"1.5em\" body_font=\"||||||||\" body_line_height=\"1.9em\" text_orientation=\"centre\" custom_padding=\"0px||\" custom_padding_tablet=\"0px||\" custom_padding_phone=\"0px||\" custom_padding_last_edited=\"on|tablet\" custom_padding_direction=\"top\" custom_padding_phone=\"0px||\" custom_padding_phone=\"0px||\" custom_padding_last_edited=\"on|tablet\" custom_padding_direction=\"top\" animation=\"off\" link_option_url=\"\/general\" header_font_size_tablet=\"30px\" header_font_size_phone=\"25px\" header_font_size_last_edited=\"off|desktop\" border_color_all_image=\"#ffffff\" icon_font_size=\"84px\" global_colors_info=\"{}\"]]<\/p>\n<p>Qu'est-ce qu'une tumeur \u00e0 cellules g\u00e9antes ? Quels sont les types de tumeurs qui existent et o\u00f9 se produisent-elles ?<\/p>\n<p>[\/et_pb_blurb][et_pb_button button_url=\"\/general\" button_text=\"Plus d'infos\" button_alignment=\"centre\" _builder_version=\"4.16\u2033 custom_button=\"on\" button_text_size=\"13px\" button_text_colour=\"#000000\u2033 button_bg_colour=\"rgba(30,66,120,0.07)\" button_border_width=\"0px\" button_border_colour=\"rgba(0,0,0,0)\" button_border_radius=\"100px\" button_letter_spacing=\"1px\" button_font=\"|600|||||||\" button_use_icon=\"off\" background_layout=\"dark\" custom_padding=\"6px|26px|6px|34px|true|false\" button_letter_spacing_hover=\"1px\" button_bg_color_hover=\"#236299\u2033 locked=\"off\" global_colors_info=\"{}\" button_text_size__hover_enabled=\"off\" button_one_text_size__hover_enabled=\"off\" button_two_text_size__hover_enabled=\"off\" button_text_color__hover_enabled=\"off\" button_one_text_color__hover_enabled=\"off\" button_two_text_color__hover_enabled=\"off\" button_border_width__hover_enabled=\"off\" button_one_border_width__hover_enabled=\"off\" button_two_border_width__hover_enabled=\"off\" button_border_color__hover_enabled=\"off\" button_one_border_color__hover_enabled=\"off\" button_two_border_color__hover_enabled=\"off\" button_border_radius__hover_enabled=\"off\" button_one_border_radius__hover_enabled=\"off\" button_two_border_radius__hover_enabled=\"off\" button_letter_spacing__hover_enabled=\"on\" button_letter_spacing__hover=\"1px\" button_one_letter_spacing__hover_enabled=\"off\" button_two_letter_spacing__hover_enabled=\"off\" button_bg_color__hover_enabled=\"on|hover\" button_bg_color__hover=\"#e29c8d\" button_one_bg_color__hover_enabled=\"off\" button_two_bg_color__hover_enabled=\"off\" button_bg_enable_color__hover=\"on\"][\/et_pb_button][\/et_pb_column][et_pb_column type=\"1_5\u2033 _builder_version=\"4.16\u2033 custom_padding=\"6%||\" custom_padding_tablet=\"10px||\" custom_padding_phone=\"\" custom_padding_last_edited=\"on|tablet\" global_colors_info=\"{}\" custom_padding__hover=\"|||\"][et_pb_blurb title=\"Diagnostic\" use_icon=\"on\" font_icon=\"\ue101||divi||400\u2033 icon_colour=\"#e29c8d\" image_icon_width=\"84px\" _builder_version=\"4.16\u2033 header_font=\"|700|||||||\" header_font_size=\"20px\" header_line_height=\"1.5em\" body_font=\"||||||||\" body_line_height=\"1.9em\" text_orientation=\"centre\" custom_padding=\"0px||\" custom_padding_tablet=\"0px||\" custom_padding_phone=\"0px||\" custom_padding_last_edited=\"on|tablet\" animation_direction=\"top\" animation=\"off\" link_option_url=\"\/diagnostic\" border_color_all_image=\"#ffffff\" icon_font_size=\"84px\" global_colors_info=\"{}\"]<\/p>\n<p>Comment diagnostiquer une tumeur \u00e0 cellules g\u00e9antes et quelles sont les techniques d'imagerie utilis\u00e9es ?<\/p>\n<p>[\/et_pb_blurb][et_pb_button button_url=\"\/diagnostic\" button_text=\"Plus d'infos\" button_alignment=\"centre\" _builder_version=\"4.16\u2033 custom_button=\"on\" button_text_size=\"13px\" button_text_colour=\"#000000\u2033 button_bg_colour=\"rgba(30,66,120,0.07)\" button_border_width=\"0px\" button_border_colour=\"rgba(0,0,0,0)\" button_border_radius=\"100px\" button_letter_spacing=\"1px\" button_font=\"|600|||||||\" button_use_icon=\"off\" background_layout=\"dark\" custom_padding=\"6px|26px|6px|34px|true|false\" button_letter_spacing_hover=\"1px\" button_bg_color_hover=\"#236299\u2033 locked=\"off\" global_colors_info=\"{}\" button_text_size__hover_enabled=\"off\" button_one_text_size__hover_enabled=\"off\" button_two_text_size__hover_enabled=\"off\" button_text_color__hover_enabled=\"off\" button_one_text_color__hover_enabled=\"off\" button_two_text_color__hover_enabled=\"off\" button_border_width__hover_enabled=\"off\" button_one_border_width__hover_enabled=\"off\" button_two_border_width__hover_enabled=\"off\" button_border_color__hover_enabled=\"off\" button_one_border_color__hover_enabled=\"off\" button_two_border_color__hover_enabled=\"off\" button_border_radius__hover_enabled=\"off\" button_one_border_radius__hover_enabled=\"off\" button_two_border_radius__hover_enabled=\"off\" button_letter_spacing__hover_enabled=\"on\" button_letter_spacing__hover=\"1px\" button_one_letter_spacing__hover_enabled=\"off\" button_two_letter_spacing__hover_enabled=\"off\" button_bg_color__hover_enabled=\"on|hover\" button_bg_color__hover=\"#e29c8d\" button_one_bg_color__hover_enabled=\"off\" button_two_bg_color__hover_enabled=\"off\"][\/et_pb_button][\/et_pb_column][et_pb_column type=\"1_5\u2033 _builder_version=\"4.16\u2033 custom_padding=\"9%|||\" custom_padding_tablet=\"0%|||\" custom_padding_phone=\"\" custom_padding_last_edited=\"on|tablet\" global_colors_info=\"{}\" custom_padding__hover=\"|||\"][et_pb_blurb title=\"Traitement\" use_icon=\"on\" font_icon=\"\ue030||divi||400\u2033 icon_colour=\"#e29c8d\" image_icon_width=\"84px\" _builder_version=\"4.16\u2033 header_font=\"|700|||||||\" header_font_size=\"20px\" header_line_height=\"1.5em\" body_font=\"||||||||\" body_line_height=\"1.9em\" text_orientation=\"centre\" custom_padding=\"0px||\" custom_padding_tablet=\"0px||\" custom_padding_phone=\"0px||\" custom_padding_last_edited=\"on|tablet\" animation_direction=\"top\" animation=\"off\" link_option_url=\"\/treatment\" border_color_all_image=\"#ffffff\" icon_font_size=\"84px\" locked=\"off\" global_colors_info=\"{}\"]<\/p>\n<p>Que se passe-t-il apr\u00e8s le diagnostic et quelles sont les options th\u00e9rapeutiques disponibles ?<\/p>\n<p>[\/et_pb_blurb][et_pb_button button_url=\"\/traitement\" button_text=\"Plus d'infos\" button_alignment=\"centre\" _builder_version=\"4.16\u2033 custom_button=\"on\" button_text_size=\"13px\" button_text_colour=\"#000000\u2033 button_bg_colour=\"rgba(30,66,120,0.07)\" button_border_width=\"0px\" button_border_colour=\"rgba(0,0,0,0)\" button_border_radius=\"100px\" button_letter_spacing=\"1px\" button_font=\"|600|||||||\" button_use_icon=\"off\" background_layout=\"dark\" custom_padding=\"6px|26px|6px|34px|true|false\" button_letter_spacing_hover=\"1px\" button_bg_color_hover=\"#236299\u2033 locked=\"off\" global_colors_info=\"{}\" button_text_size__hover_enabled=\"off\" button_one_text_size__hover_enabled=\"off\" button_two_text_size__hover_enabled=\"off\" button_text_color__hover_enabled=\"off\" button_one_text_color__hover_enabled=\"off\" button_two_text_color__hover_enabled=\"off\" button_border_width__hover_enabled=\"off\" button_one_border_width__hover_enabled=\"off\" button_two_border_width__hover_enabled=\"off\" button_border_color__hover_enabled=\"off\" button_one_border_color__hover_enabled=\"off\" button_two_border_color__hover_enabled=\"off\" button_border_radius__hover_enabled=\"off\" button_one_border_radius__hover_enabled=\"off\" button_two_border_radius__hover_enabled=\"off\" button_letter_spacing__hover_enabled=\"on\" button_letter_spacing__hover=\"1px\" button_one_letter_spacing__hover_enabled=\"off\" button_two_letter_spacing__hover_enabled=\"off\" button_bg_color__hover_enabled=\"on|hover\" button_bg_color__hover=\"#e29c8d\" button_one_bg_color__hover_enabled=\"off\" button_two_bg_color__hover_enabled=\"off\"][\/et_pb_button][\/et_pb_column][et_pb_column type=\"1_5\u2033 _builder_version=\"4.16\u2033 custom_padding=\"6%|||\" custom_padding_tablet=\"0%|||\" custom_padding_phone=\"\" custom_padding_last_edited=\"on|tablet\" global_colors_info=\"{}\" custom_padding__hover=\"|||\"][et_pb_blurb title=\"Support\" use_icon=\"on\" font_icon=\"\ue0ed||divi|||400\u2033 icon_colour=\"#e29c8d\" image_icon_width=\"84px\" _builder_version=\"4.16\u2033 header_font=\"|700|||||||\" header_font_size=\"20px\" header_line_height=\"1.5em\" body_font=\"||||||||\" body_line_height=\"1.9em\" text_orientation=\"centre\" custom_padding=\"0px||\" custom_padding_tablet=\"0px||\" custom_padding_phone=\"0px||\" custom_padding_last_edited=\"on|tablet\" animation_direction=\"top\" animation=\"off\" link_option_url=\"\/support\" border_color_all_image=\"#ffffff\" icon_font_size=\"84px\" global_colors_info=\"{}\"]<\/p>\n<p>Quelles sont les indemnit\u00e9s auxquelles vous avez droit ? Qu'en est-il du soutien psychologique ?<\/p>\n<p>[\/et_pb_blurb][et_pb_button button_url=\"\/support\" button_text=\"Plus d'infos\" button_alignment=\"centre\" _builder_version=\"4.16\u2033 custom_button=\"on\" button_text_size=\"13px\" button_text_colour=\"#000000\u2033 button_bg_colour=\"rgba(30,66,120,0.07)\" button_border_width=\"0px\" button_border_colour=\"rgba(0,0,0,0)\" button_border_radius=\"100px\" button_letter_spacing=\"1px\" button_font=\"|600|||||||\" button_use_icon=\"off\" background_layout=\"dark\" custom_padding=\"6px|26px|6px|34px|true|false\" button_letter_spacing_hover=\"1px\" button_bg_color_hover=\"#236299\u2033 locked=\"off\" global_colors_info=\"{}\" button_text_size__hover_enabled=\"off\" button_one_text_size__hover_enabled=\"off\" button_two_text_size__hover_enabled=\"off\" button_text_color__hover_enabled=\"off\" button_one_text_color__hover_enabled=\"off\" button_two_text_color__hover_enabled=\"off\" button_border_width__hover_enabled=\"off\" button_one_border_width__hover_enabled=\"off\" button_two_border_width__hover_enabled=\"off\" button_border_color__hover_enabled=\"off\" button_one_border_color__hover_enabled=\"off\" button_two_border_color__hover_enabled=\"off\" button_border_radius__hover_enabled=\"off\" button_one_border_radius__hover_enabled=\"off\" button_two_border_radius__hover_enabled=\"off\" button_letter_spacing__hover_enabled=\"on\" button_letter_spacing__hover=\"1px\" button_one_letter_spacing__hover_enabled=\"off\" button_two_letter_spacing__hover_enabled=\"off\" button_bg_color__hover_enabled=\"on|hover\" button_bg_color__hover=\"#e29c8d\" button_one_bg_color__hover_enabled=\"off\" button_two_bg_color__hover_enabled=\"off\"][\/et_pb_button][\/et_pb_column][et_pb_column type=\"1_5\u2033 _builder_version=\"4.16\u2033 custom_padding=\"|||\" global_colors_info=\"{}\" custom_padding__hover=\"|||\"][et_pb_blurb title=\"Histoires\" use_icon=\"on\" font_icon=\"w||divi||400\u2033 icon_colour=\"#e29c8d\" image_icon_width=\"84px\" _builder_version=\"4.21.2\u2033 header_font=\"|700|||||||\" header_font_size=\"20px\" header_line_height=\"1.5em\" body_font=\"||||||||\" body_line_height=\"1.9em\" text_orientation=\"centre\" custom_padding=\"0px||\" custom_padding_tablet=\"0px||\" custom_padding_phone=\"0px||\" custom_padding_last_edited=\"on|tablet\" animation_direction=\"top\" animation=\"off\" link_option_url=\"https:\/\/cumcura.be\/witness\" hover_enabled=\"0\u2033 border_color_all_image=\"#ffffff\" icon_font_size=\"84px\" global_colors_info=\"{}\" sticky_enabled=\"0\u2033]<\/p>\n<p>Comment d'autres personnes font-elles face \u00e0 ce probl\u00e8me ? Puis-je en parler \u00e0 mes pairs ?<\/p>\n<p>[\/et_pb_blurb][et_pb_button button_url=\"https:\/\/cumcura.be\/getuigenis\" button_text=\"Plus d'infos\" button_alignment=\"centre\" _builder_version=\"4.21.2\u2033 custom_button=\"on\" button_text_size=\"13px\" button_text_colour=\"#000000\u2033 button_bg_colour=\"rgba(30,66,120,0.07)\" button_border_width=\"0px\" button_border_colour=\"rgba(0,0,0,0)\" button_border_radius=\"100px\" button_letter_spacing=\"1px\" button_font=\"|600|||||||\" button_use_icon=\"off\" background_layout=\"dark\" custom_padding=\"6px|26px|6px|34px|true|false\" hover_enabled=\"0\u2033 button_letter_spacing_hover=\"1px\" button_bg_colour_hover=\"#236299\u2033 locked=\"off\" global_colours_info=\"{}\" button_text_size__hover_enabled=\"off\" button_one_text_size__hover_enabled=\"off\" button_two_text_size__hover_enabled=\"off\" button_text_color__hover_enabled=\"off\" button_one_text_color__hover_enabled=\"off\" button_two_text_color__hover_enabled=\"off\" button_border_width__hover_enabled=\"off\" button_one_border_width__hover_enabled=\"off\" button_two_border_width__hover_enabled=\"off\" button_border_color__hover_enabled=\"off\" button_one_border_color__hover_enabled=\"off\" button_two_border_color__hover_enabled=\"off\" button_border_radius__hover_enabled=\"off\" button_one_border_radius__hover_enabled=\"off\" button_two_border_radius__hover_enabled=\"off\" button_letter_spacing__hover_enabled=\"on\" button_letter_spacing__hover=\"1px\" button_one_letter_spacing__hover_enabled=\"off\" button_two_letter_spacing__hover_enabled=\"off\" button_bg_color__hover_enabled=\"on|hover\" button_bg_color__hover=\"#e29c8d\" button_one_bg_color__hover_enabled=\"off\" button_two_bg_color__hover_enabled=\"off\" sticky_enabled=\"0\u2033][\/et_pb_button][\/et_pb_column][\/et_pb_row][\/et_pb_section]<\/p>","protected":false},"excerpt":{"rendered":"<p>InformationTrouvez toutes les informations que vous recherchez Cliquez sur l'un des liens ci-dessous ou ci-dessus pour en savoir plus sur le sujetQu'est-ce qu'une tumeur \u00e0 cellules g\u00e9antes ? Quels sont les types de tumeurs qui existent et o\u00f9 se produisent-ellesComment diagnostiquer une tumeur \u00e0 cellules g\u00e9antes et quelles sont les techniques d'imagerie utilis\u00e9esQu'arrive-t-il apr\u00e8s le diagnostic et quelles sont les options de traitement [...]<\/p>","protected":false},"author":1,"featured_media":0,"parent":0,"menu_order":0,"comment_status":"closed","ping_status":"closed","template":"","meta":{"_et_pb_use_builder":"on","_et_pb_old_content":"","_et_gb_content_width":""},"_links":{"self":[{"href":"https:\/\/www.reusceltumor-cumcura.be\/fr\/wp-json\/wp\/v2\/pages\/76"}],"collection":[{"href":"https:\/\/www.reusceltumor-cumcura.be\/fr\/wp-json\/wp\/v2\/pages"}],"about":[{"href":"https:\/\/www.reusceltumor-cumcura.be\/fr\/wp-json\/wp\/v2\/types\/page"}],"author":[{"embeddable":true,"href":"https:\/\/www.reusceltumor-cumcura.be\/fr\/wp-json\/wp\/v2\/users\/1"}],"replies":[{"embeddable":true,"href":"https:\/\/www.reusceltumor-cumcura.be\/fr\/wp-json\/wp\/v2\/comments?post=76"}],"version-history":[{"count":1,"href":"https:\/\/www.reusceltumor-cumcura.be\/fr\/wp-json\/wp\/v2\/pages\/76\/revisions"}],"predecessor-version":[{"id":168,"href":"https:\/\/www.reusceltumor-cumcura.be\/fr\/wp-json\/wp\/v2\/pages\/76\/revisions\/168"}],"wp:attachment":[{"href":"https:\/\/www.reusceltumor-cumcura.be\/fr\/wp-json\/wp\/v2\/media?parent=76"}],"curies":[{"name":"wp","href":"https:\/\/api.w.org\/{rel}","templated":true}]}}